{"id":8114,"date":"2026-04-09T15:29:12","date_gmt":"2026-04-09T15:29:12","guid":{"rendered":"https:\/\/www.lourencocastanho.com.br\/?page_id=8114"},"modified":"2026-04-09T18:03:20","modified_gmt":"2026-04-09T18:03:20","slug":"lc-atenta","status":"publish","type":"page","link":"https:\/\/www.lourencocastanho.com.br\/en\/lc-atenta\/","title":{"rendered":"LC Atenta"},"content":{"rendered":"<section class=\"section has-parallax\" id=\"section_922115820\">\n\t\t<div class=\"section-bg fill\" data-parallax-container=\".section\" data-parallax-background data-parallax=\"-4\">\n\t\t\t<img decoding=\"async\" width=\"1000\" height=\"750\" src=\"https:\/\/www.lourencocastanho.com.br\/wp-content\/uploads\/2020\/08\/fund2-1.jpg\" class=\"bg attachment-original size-original\" alt=\"- Escola Louren\u00e7o Castanho | Escola Particular Em S\u00e3o Paulo\" title=\"- Escola Louren\u00e7o Castanho | Escola Particular Em S\u00e3o Paulo\">\t\t\t\t\t\t<div class=\"section-bg-overlay absolute fill\"><\/div>\n\t\t\t\n\n\t\t<\/div>\n\n\t\t\n\n\t\t<div class=\"section-content relative\">\n\t\t\t\n\n<div class=\"row align-middle align-center\"  id=\"row-1813829858\">\n\n\n\t<div id=\"col-63514820\" class=\"col medium-6 small-12 large-6\"  >\n\t\t\t\t<div class=\"col-inner text-left dark\"  >\n\t\t\t\n\t\t\t\n\n\t<div id=\"text-1454463926\" class=\"text\">\n\t\t\n\n<h1>LC ALERT<\/h1>\n\t\t\n<style>\n#text-1454463926 {\n  font-size: 1.8rem;\n  color: #4c267e;\n}\n#text-1454463926 > * {\n  color: #4c267e;\n}\n<\/style>\n\t<\/div>\n\t\n<h3>Este \u00e9 um canal aberto para ouvir voc\u00ea.<\/h3>\n<h3>Suas mensagens s\u00e3o analisadas internamente para melhoria cont\u00ednua. Caso necess\u00e1rio, poderemos entrar em contato.<\/h3>\n\n\t\t<\/div>\n\t\t\t\t\n<style>\n#col-63514820 > .col-inner {\n  padding: 0px 24px 0px 0px;\n}\n<\/style>\n\t<\/div>\n\n\t\n\n\t<div id=\"col-1918620866\" class=\"col medium-6 small-12 large-6\"  >\n\t\t\t\t<div class=\"col-inner text-left\" style=\"background-color:rgb(255,255,255);\" >\n\t\t\t\n\t\t\t\n\n\t<div id=\"text-3294593750\" class=\"text\">\n\t\t\n\n<p>Fill out the form below and<br \/>\nwe will receive your message:<\/p>\n\t\t\n<style>\n#text-3294593750 {\n  text-align: center;\n}\n<\/style>\n\t<\/div>\n\t\n\n<div class=\"wpcf7 no-js\" id=\"wpcf7-f6426-o1\" lang=\"pt-BR\" dir=\"ltr\" data-wpcf7-id=\"6426\">\n<div class=\"screen-reader-response\"><p role=\"status\" aria-live=\"polite\" aria-atomic=\"true\"><\/p> <ul><\/ul><\/div>\n<form action=\"\/en\/wp-json\/wp\/v2\/pages\/8114#wpcf7-f6426-o1\" method=\"post\" class=\"wpcf7-form init\" aria-label=\"Formul\u00e1rios de contato\" novalidate=\"novalidate\" data-status=\"init\" data-trp-original-action=\"\/en\/wp-json\/wp\/v2\/pages\/8114#wpcf7-f6426-o1\">\n<fieldset class=\"hidden-fields-container\"><input type=\"hidden\" name=\"_wpcf7\" value=\"6426\" \/><input type=\"hidden\" name=\"_wpcf7_version\" value=\"6.1.4\" \/><input type=\"hidden\" name=\"_wpcf7_locale\" value=\"pt_BR\" \/><input type=\"hidden\" name=\"_wpcf7_unit_tag\" value=\"wpcf7-f6426-o1\" \/><input type=\"hidden\" name=\"_wpcf7_container_post\" value=\"0\" \/><input type=\"hidden\" name=\"_wpcf7_posted_data_hash\" value=\"\" \/><input type=\"hidden\" name=\"_wpcf7cf_hidden_group_fields\" value=\"[]\" \/><input type=\"hidden\" name=\"_wpcf7cf_hidden_groups\" value=\"[]\" \/><input type=\"hidden\" name=\"_wpcf7cf_visible_groups\" value=\"[]\" \/><input type=\"hidden\" name=\"_wpcf7cf_repeaters\" value=\"[]\" \/><input type=\"hidden\" name=\"_wpcf7cf_steps\" value=\"{}\" \/><input type=\"hidden\" name=\"_wpcf7cf_options\" value=\"{&quot;form_id&quot;:6426,&quot;conditions&quot;:[],&quot;settings&quot;:{&quot;animation&quot;:&quot;yes&quot;,&quot;animation_intime&quot;:200,&quot;animation_outtime&quot;:200,&quot;conditions_ui&quot;:&quot;normal&quot;,&quot;notice_dismissed&quot;:false}}\" \/>\n<\/fieldset>\n<p><label>Sobre o que voc\u00ea quer falar? (obrigat\u00f3rio)<\/label><br \/>\n<span class=\"wpcf7-form-control-wrap\" data-name=\"falar\"><span class=\"wpcf7-form-control wpcf7-radio\"><span class=\"wpcf7-list-item first\"><label><input type=\"radio\" name=\"falar\" value=\"Sugest\u00e3o\" \/><span class=\"wpcf7-list-item-label\">Sugest\u00e3o<\/span><\/label><\/span><span class=\"wpcf7-list-item\"><label><input type=\"radio\" name=\"falar\" value=\"D\u00favida\" \/><span class=\"wpcf7-list-item-label\">D\u00favida<\/span><\/label><\/span><span class=\"wpcf7-list-item\"><label><input type=\"radio\" name=\"falar\" value=\"Elogio\" \/><span class=\"wpcf7-list-item-label\">Elogio<\/span><\/label><\/span><span class=\"wpcf7-list-item last\"><label><input type=\"radio\" name=\"falar\" value=\"Reclama\u00e7\u00e3o\" \/><span class=\"wpcf7-list-item-label\">Reclama\u00e7\u00e3o<\/span><\/label><\/span><\/span><\/span>\n<\/p>\n<p><label>Deixe sua mensagem (obrigat\u00f3rio)<\/label><br \/>\n<span class=\"wpcf7-form-control-wrap\" data-name=\"mensagem\"><textarea cols=\"40\" rows=\"10\" maxlength=\"2000\" class=\"wpcf7-form-control wpcf7-textarea wpcf7-validates-as-required\" aria-required=\"true\" aria-invalid=\"false\" placeholder=\"Leave your message\" name=\"mensagem\"><\/textarea><\/span>\n<\/p>\n<p><label>Name *<\/label><br \/>\n<span class=\"wpcf7-form-control-wrap\" data-name=\"nome\"><input size=\"40\" maxlength=\"400\" class=\"wpcf7-form-control wpcf7-text wpcf7-validates-as-required\" aria-required=\"true\" aria-invalid=\"false\" placeholder=\"Name *\" value=\"\" type=\"text\" name=\"nome\" \/><\/span>\n<\/p>\n<p><label>E-mail<\/label><br \/>\n<span class=\"wpcf7-form-control-wrap\" data-name=\"email\"><input size=\"40\" maxlength=\"400\" class=\"wpcf7-form-control wpcf7-email wpcf7-validates-as-required wpcf7-text wpcf7-validates-as-email\" aria-required=\"true\" aria-invalid=\"false\" placeholder=\"E-mail\" value=\"\" type=\"email\" name=\"email\" \/><\/span>\n<\/p>\n<p><input class=\"wpcf7-form-control wpcf7-submit has-spinner btn-atenta\" type=\"submit\" value=\"Enviar mensagem\" \/>\n<\/p><div class=\"wpcf7-response-output\" aria-hidden=\"true\"><\/div>\n<input type=\"hidden\" name=\"trp-form-language\" value=\"en\"\/><\/form>\n<\/div>\n\n\n\n\t\t<\/div>\n\t\t\t\t\n<style>\n#col-1918620866 > .col-inner {\n  padding: 30px 40px 30px 40px;\n  border-radius: 20px;\n}\n<\/style>\n\t<\/div>\n\n\t\n\n<\/div>\n\n\t\t<\/div>\n\n\t\t\n<style>\n#section_922115820 {\n  padding-top: 60px;\n  padding-bottom: 60px;\n  min-height: 550px;\n}\n#section_922115820 .section-bg-overlay {\n  background-color: rgba(245, 166, 17, 0.837);\n}\n<\/style>\n\t<\/section>","protected":false},"excerpt":{"rendered":"","protected":false},"author":6,"featured_media":0,"parent":0,"menu_order":0,"comment_status":"closed","ping_status":"closed","template":"page-blank.php","meta":{"footnotes":""},"class_list":["post-8114","page","type-page","status-publish","hentry"],"_links":{"self":[{"href":"https:\/\/www.lourencocastanho.com.br\/en\/wp-json\/wp\/v2\/pages\/8114","targetHints":{"allow":["GET"]}}],"collection":[{"href":"https:\/\/www.lourencocastanho.com.br\/en\/wp-json\/wp\/v2\/pages"}],"about":[{"href":"https:\/\/www.lourencocastanho.com.br\/en\/wp-json\/wp\/v2\/types\/page"}],"author":[{"embeddable":true,"href":"https:\/\/www.lourencocastanho.com.br\/en\/wp-json\/wp\/v2\/users\/6"}],"replies":[{"embeddable":true,"href":"https:\/\/www.lourencocastanho.com.br\/en\/wp-json\/wp\/v2\/comments?post=8114"}],"version-history":[{"count":5,"href":"https:\/\/www.lourencocastanho.com.br\/en\/wp-json\/wp\/v2\/pages\/8114\/revisions"}],"predecessor-version":[{"id":8120,"href":"https:\/\/www.lourencocastanho.com.br\/en\/wp-json\/wp\/v2\/pages\/8114\/revisions\/8120"}],"wp:attachment":[{"href":"https:\/\/www.lourencocastanho.com.br\/en\/wp-json\/wp\/v2\/media?parent=8114"}],"curies":[{"name":"wp","href":"https:\/\/api.w.org\/{rel}","templated":true}]}}