{"id":5571,"date":"2021-02-04T00:01:11","date_gmt":"2021-02-04T00:01:11","guid":{"rendered":"https:\/\/www.lourencocastanho.com.br\/?page_id=5571"},"modified":"2024-11-07T23:02:51","modified_gmt":"2024-11-07T23:02:51","slug":"lc-social","status":"publish","type":"page","link":"https:\/\/www.lourencocastanho.com.br\/en\/lc-social\/","title":{"rendered":"LC Social"},"content":{"rendered":"<section class=\"section\" id=\"section_43623876\">\n\t\t<div class=\"section-bg fill\" >\n\t\t\t\t\t\t\t\t\t\n\t\t\t\n\n\t\t<\/div>\n\n\t\t\n\n\t\t<div class=\"section-content relative\">\n\t\t\t\n\n<div class=\"row row-collapse align-bottom\"  id=\"row-1825978831\">\n\n\n\t<div id=\"col-1204096214\" class=\"col medium-5 small-12 large-5\"  >\n\t\t\t\t<div class=\"col-inner\"  >\n\t\t\t\n\t\t\t\n\n<h3 class=\"texto-roxo\" style=\"font-size:150%;line-height:normal;\">The importance of working with social issues in the school environment to form students integrated into the reality of the country.<\/h3>\n<p>A vis\u00e3o e as a\u00e7\u00f5es sociais s\u00e3o fundamentais para o desenvolvimento de diversas habilidades essenciais neste s\u00e9culo, como as compet\u00eancias socioemocionais. O termo \"vis\u00e3o comunit\u00e1ria\" e outros correlatos, como empatia e vis\u00e3o social, s\u00e3o, inclusive, parte das compet\u00eancias abrangidas na Base Nacional Comum Curricular (BNCC), aprovada pelo Minist\u00e9rio da Educa\u00e7\u00e3o (MEC).<\/p>\n\n\t\t<\/div>\n\t\t\t\t\n<style>\n#col-1204096214 > .col-inner {\n  padding: 20px 20px 20px 20px;\n}\n<\/style>\n\t<\/div>\n\n\t\n\n\t<div id=\"col-877733104\" class=\"col medium-7 small-12 large-7\"  >\n\t\t\t\t<div class=\"col-inner\"  >\n\t\t\t\n\t\t\t\n\n\t<div class=\"img has-hover x md-x lg-x y md-y lg-y\" id=\"image_1806066802\">\n\t\t\t\t\t\t\t\t<div class=\"img-inner dark\" style=\"margin:0px 0px -25px 0px;\">\n\t\t\t<img decoding=\"async\" width=\"554\" height=\"378\" src=\"https:\/\/www.lourencocastanho.com.br\/wp-content\/uploads\/2021\/11\/lc-social-banner.jpg\" class=\"attachment-large size-large\" alt=\"- Escola Louren\u00e7o Castanho | Escola Particular Em S\u00e3o Paulo\" title=\"- Escola Louren\u00e7o Castanho | Escola Particular Em S\u00e3o Paulo\">\t\t\t\t\t\t\n\t\t\t\t\t<\/div>\n\t\t\t\t\t\t\t\t\n<style>\n#image_1806066802 {\n  width: 100%;\n}\n<\/style>\n\t<\/div>\n\t\n\n\n\t\t<\/div>\n\t\t\t\t\t<\/div>\n\n\t\n\n<\/div>\n<div class=\"row\"  id=\"row-1809031587\">\n\n\n\t<div id=\"col-1206850344\" class=\"col small-12 large-12\"  >\n\t\t\t\t<div class=\"col-inner text-center dark\" style=\"background-color:rgb(76, 38, 126);\" >\n\t\t\t\n\t\t\t\n\n<p style=\"font-size: 190%; line-height: normal;margin-bottom:0;\"><span style=\"font-size:150%;font-weight:bold\" class=\"texto-laranja\">LC Social<\/span> <br \/>Empathy and creativity connect students to Brazil's social and environmental issues.<\/p>\n\n\t\t<\/div>\n\t\t\t\t\n<style>\n#col-1206850344 > .col-inner {\n  padding: 20px 20px 20px 20px;\n}\n<\/style>\n\t<\/div>\n\n\t\n\n<\/div>\n<div class=\"row align-center\"  id=\"row-2101462070\">\n\n\n\t<div id=\"col-1769378105\" class=\"col small-12 large-12\"  >\n\t\t\t\t<div class=\"col-inner\"  >\n\t\t\t\n\t\t\t\n\n<p>At Louren\u00e7o, social actions are fundamental for students to understand the city and the country, and to develop essential competencies for living in the present and the future.  <\/p>\n<p>Each student is unique and learns through experience, not just by listening. Therefore, all grade levels incorporate social action and community relations as part of their learning. Through projects, students deconstruct community issues and learn to build connections between practices and the millennium's sustainable and social objectives.<\/p>\n\n\t\t<\/div>\n\t\t\t\t\t<\/div>\n\n\t\n\n<\/div>\n<div class=\"row\"  id=\"row-2021008898\">\n\n\n\t<div id=\"col-47482370\" class=\"col small-12 large-12\"  >\n\t\t\t\t<div class=\"col-inner text-center\"  >\n\t\t\t\n\t\t\t\n\n<p><img decoding=\"async\" style=\"margin-bottom:-90px\" src=\"\/wp-content\/uploads\/2020\/12\/seta-baixo.gif\" alt=\"- Escola Louren\u00e7o Castanho | Escola Particular Em S\u00e3o Paulo\" title=\"- Escola Louren\u00e7o Castanho | Escola Particular Em S\u00e3o Paulo\"><\/p>\n\n\t\t<\/div>\n\t\t\t\t\t<\/div>\n\n\t\n\n<\/div>\n\n\t\t<\/div>\n\n\t\t\n<style>\n#section_43623876 {\n  padding-top: 30px;\n  padding-bottom: 30px;\n}\n<\/style>\n\t<\/section>\n\t\n\n\t<section class=\"section\" id=\"section_1853450533\">\n\t\t<div class=\"section-bg fill\" >\n\t\t\t\t\t\t\t\t\t\n\t\t\t\n\n\t\t<\/div>\n\n\t\t\n\n\t\t<div class=\"section-content relative\">\n\t\t\t\n\n<div class=\"row align-middle\"  id=\"row-1709255931\">\n\n\n\t<div id=\"col-98923572\" class=\"col small-12 large-12\"  >\n\t\t\t\t<div class=\"col-inner text-center\"  >\n\t\t\t\n\t\t\t\n\n<h2 class=\"borda-laranja texto-roxo titulo uppercase\">EARLY CHILDHOOD EDUCATION<\/p>\n<\/h2>\n\t<div id=\"gap-1445570861\" class=\"gap-element clearfix\" style=\"display:block; height:auto;\">\n\t\t\n<style>\n#gap-1445570861 {\n  padding-top: 49px;\n}\n<\/style>\n\t<\/div>\n\t\n\n\n\t\t<\/div>\n\t\t\t\t\n<style>\n#col-98923572 > .col-inner {\n  padding: 35px 0px 0px 0px;\n}\n<\/style>\n\t<\/div>\n\n\t\n\n\t<div id=\"col-1903092396\" class=\"col medium-7 small-12 large-7\"  >\n\t\t\t\t<div class=\"col-inner text-left\"  >\n\t\t\t\n\t\t\t\n\n\t<div class=\"img has-hover x md-x lg-x y md-y lg-y\" id=\"image_278095847\">\n\t\t\t\t\t\t\t\t<div class=\"img-inner dark\" >\n\t\t\t<img decoding=\"async\" width=\"554\" height=\"378\" src=\"https:\/\/www.lourencocastanho.com.br\/wp-content\/uploads\/2021\/11\/IMG_3-2.jpg\" class=\"attachment-large size-large\" alt=\"- Escola Louren\u00e7o Castanho | Escola Particular Em S\u00e3o Paulo\" title=\"- Escola Louren\u00e7o Castanho | Escola Particular Em S\u00e3o Paulo\">\t\t\t\t\t\t\n\t\t\t\t\t<\/div>\n\t\t\t\t\t\t\t\t\n<style>\n#image_278095847 {\n  width: 100%;\n}\n<\/style>\n\t<\/div>\n\t\n\n\n\t\t<\/div>\n\t\t\t\t\t<\/div>\n\n\t\n\n\t<div id=\"col-1782344771\" class=\"col medium-5 small-12 large-5\"  >\n\t\t\t\t<div class=\"col-inner\"  >\n\t\t\t\n\t\t\t\n\n\t<div id=\"text-51523824\" class=\"text\">\n\t\t\n\n<p class=\"texto-roxo\">While a child is building their own identity, they are also developing a perception of others. In Early Childhood Education, social actions are important stimuli for learning empathy and mutual respect.<\/p>\n\t\t\n<style>\n#text-51523824 {\n  font-size: 1.5rem;\n  line-height: 1.5;\n  text-align: right;\n}\n<\/style>\n\t<\/div>\n\t\n\t<div id=\"text-1446566766\" class=\"text\">\n\t\t\n\n<p><a class=\"botao-agendar texto-roxo\" href=\"\/en\/#agende\">SCHEDULE A <strong>VISIT<\/strong><\/a><\/p>\n\n\t\t\n<style>\n#text-1446566766 {\n  text-align: right;\n}\n<\/style>\n\t<\/div>\n\t\n\n\t\t<\/div>\n\t\t\t\t\t<\/div>\n\n\t\n\n<\/div>\n\n\t\t<\/div>\n\n\t\t\n<style>\n#section_1853450533 {\n  padding-top: 30px;\n  padding-bottom: 30px;\n  background-color: rgb(240, 240, 240);\n}\n<\/style>\n\t<\/section>\n\t\n\n\t<section class=\"section\" id=\"section_1600131171\">\n\t\t<div class=\"section-bg fill\" >\n\t\t\t\t\t\t\t\t\t\n\t\t\t\n\n\t\t<\/div>\n\n\t\t\n\n\t\t<div class=\"section-content relative\">\n\t\t\t\n\n<div class=\"row align-middle\"  id=\"row-554914990\">\n\n\n\t<div id=\"col-681868461\" class=\"col small-12 large-12\"  >\n\t\t\t\t<div class=\"col-inner text-center\"  >\n\t\t\t\n\t\t\t\n\n<h2 class=\"borda-branca texto-roxo titulo uppercase\">ELEMENTARY SCHOOL<\/p>\n<\/h2>\n\t<div id=\"gap-1671802337\" class=\"gap-element clearfix\" style=\"display:block; height:auto;\">\n\t\t\n<style>\n#gap-1671802337 {\n  padding-top: 49px;\n}\n<\/style>\n\t<\/div>\n\t\n\n\n\t\t<\/div>\n\t\t\t\t\n<style>\n#col-681868461 > .col-inner {\n  padding: 35px 0px 0px 0px;\n}\n<\/style>\n\t<\/div>\n\n\t\n\n\t<div id=\"col-2095624971\" class=\"col medium-5 small-12 large-5\"  >\n\t\t\t\t<div class=\"col-inner dark\"  >\n\t\t\t\n\t\t\t\n\n\t<div id=\"text-4211312714\" class=\"text\">\n\t\t\n\n<p class=\"\">Literacy opens doors for students to expand the social knowledge they gathered in Early Childhood Education. Children not only see others, but also begin to perceive and solve issues related to the communities that make up the city, as well as the inequality and reality of the country.<\/p>\n\t\t\n<style>\n#text-4211312714 {\n  font-size: 1.5rem;\n  line-height: 1.5;\n}\n<\/style>\n\t<\/div>\n\t\n\n\t\t<\/div>\n\t\t\t\t\t<\/div>\n\n\t\n\n\t<div id=\"col-21329768\" class=\"col medium-7 small-12 large-7\"  >\n\t\t\t\t<div class=\"col-inner text-left\"  >\n\t\t\t\n\t\t\t\n\n\t<div class=\"img has-hover x md-x lg-x y md-y lg-y\" id=\"image_180132963\">\n\t\t\t\t\t\t\t\t<div class=\"img-inner dark\" >\n\t\t\t<img decoding=\"async\" width=\"554\" height=\"378\" src=\"https:\/\/www.lourencocastanho.com.br\/wp-content\/uploads\/2021\/11\/IMG_2-2.jpg\" class=\"attachment-large size-large\" alt=\"- Escola Louren\u00e7o Castanho | Escola Particular Em S\u00e3o Paulo\" title=\"- Escola Louren\u00e7o Castanho | Escola Particular Em S\u00e3o Paulo\">\t\t\t\t\t\t\n\t\t\t\t\t<\/div>\n\t\t\t\t\t\t\t\t\n<style>\n#image_180132963 {\n  width: 100%;\n}\n<\/style>\n\t<\/div>\n\t\n\n\n\t\t<\/div>\n\t\t\t\t\n<style>\n#col-21329768 > .col-inner {\n  border-radius: 10px;\n}\n<\/style>\n\t<\/div>\n\n\t\n\n<\/div>\n\n\t\t<\/div>\n\n\t\t\n<style>\n#section_1600131171 {\n  padding-top: 30px;\n  padding-bottom: 30px;\n  background-color: #f7a70c;\n}\n<\/style>\n\t<\/section>\n\t\n\n\t<section class=\"section\" id=\"section_827320959\">\n\t\t<div class=\"section-bg fill\" >\n\t\t\t\t\t\t\t\t\t\n\t\t\t\n\n\t\t<\/div>\n\n\t\t\n\n\t\t<div class=\"section-content relative\">\n\t\t\t\n\n<div class=\"row align-middle\"  id=\"row-864346750\">\n\n\n\t<div id=\"col-1724988709\" class=\"col small-12 large-12\"  >\n\t\t\t\t<div class=\"col-inner text-center\"  >\n\t\t\t\n\t\t\t\n\n<h2 class=\"borda-roxa texto-laranja titulo uppercase\">High School<\/p>\n<\/h2>\n\t<div id=\"gap-1594383008\" class=\"gap-element clearfix\" style=\"display:block; height:auto;\">\n\t\t\n<style>\n#gap-1594383008 {\n  padding-top: 49px;\n}\n<\/style>\n\t<\/div>\n\t\n\n\n\t\t<\/div>\n\t\t\t\t\n<style>\n#col-1724988709 > .col-inner {\n  padding: 35px 0px 0px 0px;\n}\n<\/style>\n\t<\/div>\n\n\t\n\n\t<div id=\"col-1077854772\" class=\"col medium-7 small-12 large-7\"  >\n\t\t\t\t<div class=\"col-inner text-left\"  >\n\t\t\t\n\t\t\t\n\n\t<div class=\"img has-hover x md-x lg-x y md-y lg-y\" id=\"image_1767040015\">\n\t\t\t\t\t\t\t\t<div class=\"img-inner dark\" >\n\t\t\t<img decoding=\"async\" width=\"554\" height=\"378\" src=\"https:\/\/www.lourencocastanho.com.br\/wp-content\/uploads\/2021\/11\/IMG_1-2.jpg\" class=\"attachment-large size-large\" alt=\"- Escola Louren\u00e7o Castanho | Escola Particular Em S\u00e3o Paulo\" title=\"- Escola Louren\u00e7o Castanho | Escola Particular Em S\u00e3o Paulo\">\t\t\t\t\t\t\n\t\t\t\t\t<\/div>\n\t\t\t\t\t\t\t\t\n<style>\n#image_1767040015 {\n  width: 100%;\n}\n<\/style>\n\t<\/div>\n\t\n\n\n\t\t<\/div>\n\t\t\t\t\n<style>\n#col-1077854772 > .col-inner {\n  border-radius: 10px;\n}\n<\/style>\n\t<\/div>\n\n\t\n\n\t<div id=\"col-948424940\" class=\"col medium-5 small-12 large-5\"  >\n\t\t\t\t<div class=\"col-inner\"  >\n\t\t\t\n\t\t\t\n\n\t<div id=\"text-1307536667\" class=\"text\">\n\t\t\n\n<p class=\"texto-roxo\">In High School, students establish a relationship... <br \/>more systematic and<br \/> an analytical relationship with knowledge. <br \/>Meio Ambiente, Social e Governan\u00e7a s\u00e3o pautas percebidas com maior profundidade e maturidade. <br \/>Os jovens se sentem integrados.<br \/>\nand agents of change for the reality of the country and the world.\n<\/p>\n\t\t\n<style>\n#text-1307536667 {\n  font-size: 1.5rem;\n  line-height: 1.5;\n  text-align: right;\n}\n<\/style>\n\t<\/div>\n\t\n\t<div id=\"text-1280771619\" class=\"text\">\n\t\t\n\n<p><a class=\"botao-agendar texto-roxo\" href=\"\/en\/#agende\">SCHEDULE A <strong>VISIT<\/strong><\/a><\/p>\n\n\t\t\n<style>\n#text-1280771619 {\n  text-align: right;\n}\n<\/style>\n\t<\/div>\n\t\n\n\t\t<\/div>\n\t\t\t\t\t<\/div>\n\n\t\n\n<\/div>\n\n\t\t<\/div>\n\n\t\t\n<style>\n#section_827320959 {\n  padding-top: 30px;\n  padding-bottom: 30px;\n  background-color: rgb(255,255,255);\n}\n<\/style>\n\t<\/section>\n\t\n\t<div id=\"gap-1880140479\" class=\"gap-element clearfix\" style=\"display:block; height:auto;\">\n\t\t\n<style>\n#gap-1880140479 {\n  padding-top: 147px;\n}\n<\/style>\n\t<\/div>","protected":false},"excerpt":{"rendered":"","protected":false},"author":6,"featured_media":0,"parent":0,"menu_order":0,"comment_status":"closed","ping_status":"closed","template":"page-blank.php","meta":{"footnotes":""},"class_list":["post-5571","page","type-page","status-publish","hentry"],"_links":{"self":[{"href":"https:\/\/www.lourencocastanho.com.br\/en\/wp-json\/wp\/v2\/pages\/5571","targetHints":{"allow":["GET"]}}],"collection":[{"href":"https:\/\/www.lourencocastanho.com.br\/en\/wp-json\/wp\/v2\/pages"}],"about":[{"href":"https:\/\/www.lourencocastanho.com.br\/en\/wp-json\/wp\/v2\/types\/page"}],"author":[{"embeddable":true,"href":"https:\/\/www.lourencocastanho.com.br\/en\/wp-json\/wp\/v2\/users\/6"}],"replies":[{"embeddable":true,"href":"https:\/\/www.lourencocastanho.com.br\/en\/wp-json\/wp\/v2\/comments?post=5571"}],"version-history":[{"count":0,"href":"https:\/\/www.lourencocastanho.com.br\/en\/wp-json\/wp\/v2\/pages\/5571\/revisions"}],"wp:attachment":[{"href":"https:\/\/www.lourencocastanho.com.br\/en\/wp-json\/wp\/v2\/media?parent=5571"}],"curies":[{"name":"wp","href":"https:\/\/api.w.org\/{rel}","templated":true}]}}