{"id":4524,"date":"2020-08-12T05:14:04","date_gmt":"2020-08-12T05:14:04","guid":{"rendered":"https:\/\/lourenco.agenciafreela.dev\/?page_id=4524"},"modified":"2020-11-12T20:07:15","modified_gmt":"2020-11-12T20:07:15","slug":"agende-uma-visita","status":"publish","type":"page","link":"https:\/\/www.lourencocastanho.com.br\/en\/agende-uma-visita\/","title":{"rendered":"Schedule a Visit"},"content":{"rendered":"<div class=\"banner has-hover has-parallax\" id=\"banner-1678440011\">\n          <div class=\"banner-inner fill\">\n        <div class=\"banner-bg fill\" data-parallax=\"-7\" data-parallax-container=\".banner\" data-parallax-background>\n            <img decoding=\"async\" width=\"1200\" height=\"468\" src=\"https:\/\/www.lourencocastanho.com.br\/wp-content\/uploads\/2020\/08\/bg-infantil.jpg\" class=\"bg attachment-original size-original\" alt=\"- Escola Louren\u00e7o Castanho | Escola Particular Em S\u00e3o Paulo\" title=\"- Escola Louren\u00e7o Castanho | Escola Particular Em S\u00e3o Paulo\">                        <div class=\"overlay\"><\/div>            \n                    <\/div>\n\t\t\n        <div class=\"banner-layers container\">\n            <div class=\"fill banner-link\"><\/div>            \n\n   <div id=\"text-box-480000547\" class=\"text-box banner-layer x50 md-x50 lg-x50 y50 md-y50 lg-y50 res-text\">\n                                <div class=\"text-box-content text dark\">\n              \n              <div class=\"text-inner text-center\">\n                  \n\n<h1 class=\"texto-roxo\">ADMISSION<\/h1>\n<div class=\"is-divider divider clearfix\" style=\"max-width:120px;background-color:rgb(255, 255, 255);\"><\/div>\n\n\n              <\/div>\n           <\/div>\n                            \n<style>\n#text-box-480000547 {\n  width: 100%;\n}\n#text-box-480000547 .text-box-content {\n  font-size: 100%;\n}\n@media (min-width:550px) {\n  #text-box-480000547 {\n    width: 83%;\n  }\n}\n<\/style>\n    <\/div>\n \n\n        <\/div>\n      <\/div>\n\n            \n<style>\n#banner-1678440011 {\n  padding-top: 200px;\n}\n#banner-1678440011 .overlay {\n  background-color: rgba(247, 167, 12, 0.77);\n}\n#banner-1678440011 .banner-bg img {\n  object-position: 49% 40%;\n}\n@media (min-width:550px) {\n  #banner-1678440011 {\n    padding-top: 300px;\n  }\n}\n<\/style>\n  <\/div>\n\n\n\n\t<section class=\"section\" id=\"section_1081155450\">\n\t\t<div class=\"section-bg fill\" >\n\t\t\t\t\t\t\t\t\t\n\t\t\t\n\n\t\t<\/div>\n\n\t\t\n\n\t\t<div class=\"section-content relative\">\n\t\t\t\n\n<p>\t<div id=\"atenta\"\n\t     class=\"lightbox-by-id lightbox-content mfp-hide lightbox-white form\"\n\t     style=\"max-width:650px ;padding:20px\">\n\t\t<div class=\"row align-center\"  id=\"row-1870741592\">\n\n\n\t<div id=\"col-1905009452\" class=\"col medium-10 small-12 large-10\"  >\n\t\t\t\t<div class=\"col-inner\"  >\n\t\t\t\n\t\t\t\n\n\t<div id=\"text-3771669445\" class=\"text\">\n\t\t\n\n<p>Fill out the form below <\/p>\n\n\t\t\n<style>\n#text-3771669445 {\n  font-size: 1.45rem;\n  text-align: center;\n  color: #4c267e;\n}\n#text-3771669445 > * {\n  color: #4c267e;\n}\n<\/style>\n\t<\/div>\n\t\n\n<div class=\"wpcf7 no-js\" id=\"wpcf7-f6426-o1\" lang=\"pt-BR\" dir=\"ltr\" data-wpcf7-id=\"6426\">\n<div class=\"screen-reader-response\"><p role=\"status\" aria-live=\"polite\" aria-atomic=\"true\"><\/p> <ul><\/ul><\/div>\n<form action=\"\/en\/wp-json\/wp\/v2\/pages\/4524#wpcf7-f6426-o1\" method=\"post\" class=\"wpcf7-form init\" aria-label=\"Formul\u00e1rios de contato\" novalidate=\"novalidate\" data-status=\"init\" data-trp-original-action=\"\/en\/wp-json\/wp\/v2\/pages\/4524#wpcf7-f6426-o1\">\n<fieldset class=\"hidden-fields-container\"><input type=\"hidden\" name=\"_wpcf7\" value=\"6426\" \/><input type=\"hidden\" name=\"_wpcf7_version\" value=\"6.1.4\" \/><input type=\"hidden\" name=\"_wpcf7_locale\" value=\"pt_BR\" \/><input type=\"hidden\" name=\"_wpcf7_unit_tag\" value=\"wpcf7-f6426-o1\" \/><input type=\"hidden\" name=\"_wpcf7_container_post\" value=\"0\" \/><input type=\"hidden\" name=\"_wpcf7_posted_data_hash\" value=\"\" \/><input type=\"hidden\" name=\"_wpcf7cf_hidden_group_fields\" value=\"[]\" \/><input type=\"hidden\" name=\"_wpcf7cf_hidden_groups\" value=\"[]\" \/><input type=\"hidden\" name=\"_wpcf7cf_visible_groups\" value=\"[]\" \/><input type=\"hidden\" name=\"_wpcf7cf_repeaters\" value=\"[]\" \/><input type=\"hidden\" name=\"_wpcf7cf_steps\" value=\"{}\" \/><input type=\"hidden\" name=\"_wpcf7cf_options\" value=\"{&quot;form_id&quot;:6426,&quot;conditions&quot;:[],&quot;settings&quot;:{&quot;animation&quot;:&quot;yes&quot;,&quot;animation_intime&quot;:200,&quot;animation_outtime&quot;:200,&quot;conditions_ui&quot;:&quot;normal&quot;,&quot;notice_dismissed&quot;:false}}\" \/>\n<\/fieldset>\n<p><span class=\"wpcf7-form-control-wrap\" data-name=\"nome\"><input size=\"40\" maxlength=\"400\" class=\"wpcf7-form-control wpcf7-text wpcf7-validates-as-required\" aria-required=\"true\" aria-invalid=\"false\" placeholder=\"Name *\" value=\"\" type=\"text\" name=\"nome\" \/><\/span><br \/>\n<span class=\"wpcf7-form-control-wrap\" data-name=\"email\"><input size=\"40\" maxlength=\"400\" class=\"wpcf7-form-control wpcf7-email wpcf7-validates-as-required wpcf7-text wpcf7-validates-as-email\" aria-required=\"true\" aria-invalid=\"false\" placeholder=\"E-mail\" value=\"\" type=\"email\" name=\"email\" \/><\/span><br \/>\n<span class=\"wpcf7-form-control-wrap\" data-name=\"telefone\"><input size=\"40\" maxlength=\"400\" class=\"wpcf7-form-control wpcf7-tel wpcf7-validates-as-required wpcf7-text wpcf7-validates-as-tel\" aria-required=\"true\" aria-invalid=\"false\" placeholder=\"phone number\" value=\"\" type=\"tel\" name=\"telefone\" \/><\/span><br \/>\n<span class=\"wpcf7-form-control-wrap\" data-name=\"mensagem\"><textarea cols=\"40\" rows=\"10\" maxlength=\"2000\" class=\"wpcf7-form-control wpcf7-textarea\" aria-invalid=\"false\" placeholder=\"Leave your message\" name=\"mensagem\"><\/textarea><\/span><br \/>\n<input class=\"wpcf7-form-control wpcf7-submit has-spinner btn-atenta\" type=\"submit\" value=\"Send\" \/>\n<\/p><div class=\"wpcf7-response-output\" aria-hidden=\"true\"><\/div>\n<input type=\"hidden\" name=\"trp-form-language\" value=\"en\"\/><\/form>\n<\/div>\n\n\n\n\t\t<\/div>\n\t\t\t\t\n<style>\n#col-1905009452 > .col-inner {\n  padding: 54px 32px 0px 32px;\n}\n<\/style>\n\t<\/div>\n\n\t\n\n<\/div>\t<\/div>\n\t\n\t<\/p>\n<div class=\"row\"  id=\"row-1193560823\">\n\n\n\t<div id=\"col-1260306422\" class=\"col small-12 large-12\"  >\n\t\t\t\t<div class=\"col-inner text-center\"  >\n\t\t\t\n\t\t\t\n\n<h2 class=\"borda-laranja texto-roxo titulo uppercase\"> NEW STUDENTS \u2013 SCHEDULE A VISIT<\/h2>\n\n\t\t<\/div>\n\t\t\t\t\n<style>\n#col-1260306422 > .col-inner {\n  margin: 0px 0px 30px 0px;\n}\n<\/style>\n\t<\/div>\n\n\t\n\n\t<div id=\"col-1800567268\" class=\"col medium-5 small-12 large-5\"  >\n\t\t\t\t<div class=\"col-inner text-left\"  >\n\t\t\t\n\t\t\t\n\n<p style=\"line-height: 100%; font-size: 120%;\">To schedule an appointment is<br \/><span class=\"texto-laranja titulo\" style=\"line-height: normal;\">VERY SIMPLE!<\/span><\/p>\n<p style=\"margin-bottom: 5px;\"><span style=\"background: #4c2f8b; color: #fff; border-radius: 50%; padding: 0px 10px; display: inline-block; font-size: 20px; margin-right: 5px;\">1<\/span> Fill out the form below;<\/p>\n<p><span style=\"background: #f9b101; color: #fff; border-radius: 50%; padding: 0px 10px; display: inline-block; font-size: 20px; margin-right: 5px;\">2<\/span> We will contact you to answer your questions.<\/p>\n<div class=\"accordion\">\n\n\t<div id=\"accordion-3607381757\" class=\"accordion-item\">\n\t\t<a id=\"accordion-3607381757-label\" class=\"accordion-title plain\" href=\"#accordion-item-para-mais-informa\u00e7\u00f5es-sobre-as-span-class=&#039;texto-laranja&#039;strongunidades-vila-nova-concei\u00e7\u00e3o\/strong\/span,-clique-aqui\" aria-expanded=\"false\" aria-controls=\"accordion-3607381757-content\" >\n\t\t\t<button class=\"toggle\" aria-label=\"Toggle\"><i class=\"icon-angle-down\"><\/i><\/button>\n\t\t\t<span>For more information about the <span class='texto-laranja'><strong>Vila Nova Concei\u00e7\u00e3o Units<\/strong><\/span>, click here<\/span>\n\t\t<\/a>\n\t\t<div id=\"accordion-3607381757-content\" class=\"accordion-inner\" aria-labelledby=\"accordion-3607381757-label\" >\n\t\t\t\n\n\t<div class=\"img has-hover x md-x lg-x y md-y lg-y\" id=\"image_799731786\">\n\t\t\t\t\t\t\t\t<div class=\"img-inner dark\" >\n\t\t\t<img decoding=\"async\" width=\"557\" height=\"445\" src=\"https:\/\/www.lourencocastanho.com.br\/wp-content\/uploads\/2022\/10\/mapa-vila-nova-conceicao.jpg\" class=\"attachment-large size-large\" alt=\"- Escola Louren\u00e7o Castanho | Escola Particular Em S\u00e3o Paulo\" srcset=\"https:\/\/www.lourencocastanho.com.br\/wp-content\/uploads\/2022\/10\/mapa-vila-nova-conceicao.jpg 557w, https:\/\/www.lourencocastanho.com.br\/wp-content\/uploads\/2022\/10\/mapa-vila-nova-conceicao-501x400.jpg 501w\" sizes=\"(max-width: 557px) 100vw, 557px\" title=\"- Escola Louren\u00e7o Castanho | Escola Particular Em S\u00e3o Paulo\">\t\t\t\t\t\t\t<div class=\"overlay\" style=\"background-color: rgba(255, 255, 255, 0)\"><\/div>\n\t\t\t\t\t\t\n\t\t\t\t\t<\/div>\n\t\t\t\t\t\t\t\t\n<style>\n#image_799731786 {\n  width: 100%;\n}\n<\/style>\n\t<\/div>\n\t\n\n<p class=\"texto-roxo\" style=\"font-size: 140%; margin-bottom: 5px;\"><strong>FALE CONOSCO<\/strong><\/p>\n<p style=\"margin-top: 10px; font-size: 14px; font-weight: bold; margin-bottom: 0;\"><span class=\"texto-roxo\"> Early Childhood Education and Middle School <\/span><span class=\"sumir-3\">(11) 974... <\/span><span id=\"botao-telefone-3\" style=\"text-decoration: underline; cursor: pointer;\">see<\/span><span id=\"telefone-3\" class=\"\">(11) 97436-8912<\/span><\/p>\n<p style=\"margin-top: 10px; font-size: 14px; font-weight: bold; margin-bottom: 0;\"><span class=\"texto-roxo\"> Elementary School (Early Years) and High School <\/span><span class=\"sumir-7\">(11) 930... <\/span><span id=\"botao-telefone-7\" style=\"text-decoration: underline; cursor: pointer;\">see<\/span><span id=\"telefone-7\" class=\"\">(11) 93060-1255<\/span><\/p>\n<div class=\"is-divider divider clearfix\" ><\/div>\n\n\t<div id=\"text-1313743138\" class=\"text\">\n\t\t\n\n<p class=\"texto-roxo uppercase\" style=\"margin-bottom: 0;\"><strong>DIOGO J\u00c1COME UNIT<\/strong><\/p>\n<p>Early Childhood Education<br \/>Address: Rua Diogo J\u00e1come, 224<br \/>Tel: <span class=\"sumir-3\">(11) <span id=\"telefone-3\" class=\"\">953<\/span>... <\/span><span id=\"botao-telefone-3\" style=\"text-decoration: underline; cursor: pointer;\">see<\/span><span id=\"telefone-3\" class=\"\">(11) 95302-4384 | <span class=\"sumir-3\">(11) 304... <\/span><span id=\"botao-telefone-3\" style=\"text-decoration: underline; cursor: pointer;\">see<\/span>(11) 3049-5330<\/span><\/p>\n<p class=\"texto-roxo uppercase\" style=\"margin-bottom: 0;\"><strong>LOUREN\u00c7O CASTANHO UNIT<\/strong><\/p>\n<p>Elementary School \u2013 Early Years<br \/>Address: Rua Louren\u00e7o Castanho, 273<br \/>Tel: <span class=\"sumir-3\">(11) <span id=\"telefone-3\" class=\"\">964<\/span>... <\/span><span id=\"botao-telefone-3\" style=\"text-decoration: underline; cursor: pointer;\">see<\/span><span id=\"telefone-3\" class=\"\">(11) 96497-7406 | <span class=\"sumir-3\">(11) 305... <\/span><span id=\"botao-telefone-3\" style=\"text-decoration: underline; cursor: pointer;\">see<\/span>(11) 3059-5781<\/span><\/p>\n<p class=\"texto-roxo uppercase\" style=\"margin-bottom: 0;\"><strong>JK UNIT<\/strong><\/p>\n<p>Middle School to High School<br \/>Address: Av. Ant\u00f4nio Joaquim de Moura Andrade, 731<br \/>Tel: <span class=\"sumir-3\">(11) <span id=\"telefone-3\" class=\"\">309<\/span>... <\/span><span id=\"botao-telefone-3\" style=\"text-decoration: underline; cursor: pointer;\">see<\/span><span id=\"telefone-3\" class=\"\">(11) 3090-1290<\/span><\/p>\n\t\t\n<style>\n#text-1313743138 {\n  font-size: 0.85rem;\n}\n<\/style>\n\t<\/div>\n\t\n<div class=\"is-divider divider clearfix\" ><\/div>\n\n<p class=\"texto-roxo\" style=\"margin-bottom: 0;\"><strong>GENERAL OFFICE<\/strong><\/p>\n<p class=\"\">(11) 97469-8943<\/p>\n<p class=\"texto-roxo\" style=\"margin-bottom: 0;\"><strong>FINANCIAL OFFICE<\/strong><\/p>\n<p class=\"\" style=\"font-size: 13px; margin-bottom: 0;\">Accounts Payable <span class=\"texto-laranja\">|<\/span> (11) 97231-4940<\/p>\n<p class=\"\" style=\"font-size: 13px;\">Accounts Receivable <span class=\"texto-laranja\">|<\/span> (11) 94113-5608<\/p>\n\n\t\t<\/div>\n\t<\/div>\n\t\n\t<div id=\"accordion-1437291246\" class=\"accordion-item\">\n\t\t<a id=\"accordion-1437291246-label\" class=\"accordion-title plain\" href=\"#accordion-item-para-mais-informa\u00e7\u00f5es-sobre-a-span-class=&#039;texto-laranja&#039;strongunidade-alto-da-boa-vista\/strong\/span,-clique-aqui\" aria-expanded=\"false\" aria-controls=\"accordion-1437291246-content\" >\n\t\t\t<button class=\"toggle\" aria-label=\"Toggle\"><i class=\"icon-angle-down\"><\/i><\/button>\n\t\t\t<span>For more information about the <span class='texto-laranja'><strong>Alto da Boa Vista Unit<\/strong><\/span>, click here<\/span>\n\t\t<\/a>\n\t\t<div id=\"accordion-1437291246-content\" class=\"accordion-inner\" aria-labelledby=\"accordion-1437291246-label\" >\n\t\t\t\n\n\t<div class=\"img has-hover x md-x lg-x y md-y lg-y\" id=\"image_798131005\">\n\t\t\t\t\t\t\t\t<div class=\"img-inner dark\" >\n\t\t\t<img decoding=\"async\" width=\"557\" height=\"445\" src=\"https:\/\/www.lourencocastanho.com.br\/wp-content\/uploads\/2022\/10\/mapa-alto-da-boa-vista.jpg\" class=\"attachment-large size-large\" alt=\"- Escola Louren\u00e7o Castanho | Escola Particular Em S\u00e3o Paulo\" srcset=\"https:\/\/www.lourencocastanho.com.br\/wp-content\/uploads\/2022\/10\/mapa-alto-da-boa-vista.jpg 557w, https:\/\/www.lourencocastanho.com.br\/wp-content\/uploads\/2022\/10\/mapa-alto-da-boa-vista-501x400.jpg 501w\" sizes=\"(max-width: 557px) 100vw, 557px\" title=\"- Escola Louren\u00e7o Castanho | Escola Particular Em S\u00e3o Paulo\">\t\t\t\t\t\t\n\t\t\t\t\t<\/div>\n\t\t\t\t\t\t\t\t\n<style>\n#image_798131005 {\n  width: 100%;\n}\n<\/style>\n\t<\/div>\n\t\n\n<p class=\"texto-roxo\" style=\"font-size: 140%; margin-bottom: 5px;\"><strong>FALE CONOSCO<\/strong><\/p>\n<p><span style=\"color: #4c267e;\"><strong>Early Childhood Education and High School<\/strong><\/span> |     <span class=\"telefone-mascarado\">(11) 994...<\/span>\n    <span class=\"botao-telefone infantil-medio\" style=\"text-decoration: underline; cursor: pointer;\">see<\/span>\n    <span class=\"telefone-completo\" style=\"display:none;\">(11) 99403-5518<\/span>\n\n    <script>\n    jQuery(document).ready(function($){\n        $('.botao-telefone.infantil-medio').on('click', function(){\n            $(this).siblings('.telefone-completo').show();\n            $(this).siblings('.telefone-mascarado').hide();\n            $(this).hide();\n        });\n    });\n    <\/script>\n    <\/p>\n<p><span style=\"color: #4c267e;\"><strong>Elementary School 1 and Elementary School 2<\/strong><\/span> |     <span class=\"telefone-mascarado\">(11) 943...<\/span>\n    <span class=\"botao-telefone fund-1-2\" style=\"text-decoration: underline; cursor: pointer;\">see<\/span>\n    <span class=\"telefone-completo\" style=\"display:none;\">(11) 94343-5291<\/span>\n\n    <script>\n    jQuery(document).ready(function($){\n        $('.botao-telefone.fund-1-2').on('click', function(){\n            $(this).siblings('.telefone-completo').show();\n            $(this).siblings('.telefone-mascarado').hide();\n            $(this).hide();\n        });\n    });\n    <\/script>\n    <\/p>\n<div class=\"is-divider divider clearfix\" ><\/div>\n\n<p class=\"texto-roxo\" style=\"margin-bottom: 0;\"><strong>GENERAL OFFICE<\/strong><\/p>\n<p class=\"\">(11) 97469-8943<\/p>\n<p class=\"texto-roxo\" style=\"margin-bottom: 0;\"><strong>FINANCIAL OFFICE<\/strong><\/p>\n<p class=\"\" style=\"font-size: 13px; margin-bottom: 0;\">Accounts Payable <span class=\"texto-laranja\">|<\/span> (11) 97231-4940<\/p>\n<p class=\"\" style=\"font-size: 13px;\">Accounts Receivable <span class=\"texto-laranja\">|<\/span> (11) 94113-5608<\/p>\n<div class=\"is-divider divider clearfix\" ><\/div>\n\n\t<div id=\"text-3777952544\" class=\"text\">\n\t\t\n\n<p class=\"texto-roxo uppercase\" style=\"margin-bottom: 0;\"><strong>ALTO DA BOA VISTA UNIT<br \/><\/strong><\/p>\n<p>Early Childhood Education and High School<br \/>Address: Rua Comendador Elias Zarzur, 301<br \/>Tel:\u00a0     <span class=\"telefone-mascarado\">(11) 935...<\/span>\n    <span class=\"botao-telefone alto-boa-vista\" style=\"text-decoration: underline; cursor: pointer;\">see<\/span>\n    <span class=\"telefone-completo\" style=\"display:none;\">(11) 93500-7177 | 4118-4365<\/span>\n\n    <script>\n    jQuery(document).ready(function($){\n        $('.botao-telefone.alto-boa-vista').on('click', function(){\n            $(this).siblings('.telefone-completo').show();\n            $(this).siblings('.telefone-mascarado').hide();\n            $(this).hide();\n        });\n    });\n    <\/script>\n    <\/p>\n\t\t\n<style>\n#text-3777952544 {\n  font-size: 0.85rem;\n}\n<\/style>\n\t<\/div>\n\t\n\n\t\t<\/div>\n\t<\/div>\n\t\n\n<\/div>\n<div class=\"is-divider divider clearfix\" style=\"max-width:100%;\"><\/div>\n\n<p class=\"texto-roxo uppercase\"><strong>Work With Us<\/strong><\/p>\n<p>To participate in the selection processes and become part of our team, click the button below.<\/p>\n\t<div id=\"text-1199982465\" class=\"text\">\n\t\t\n\n<p><strong><em>*Please do not fill out the new students form.<\/em><\/strong><\/p>\n\t\t\n<style>\n#text-1199982465 {\n  font-size: 0.75rem;\n  color: #f7a70c;\n}\n#text-1199982465 > * {\n  color: #f7a70c;\n}\n<\/style>\n\t<\/div>\n\t\n<a href=\"#trabalhe-conosco\" target=\"_blank\" class=\"button secondary is-xsmall\" rel=\"noopener\"  >\n\t\t<span>Send<\/span>\n\t<\/a>\n\n\n<div class=\"is-divider divider clearfix\" style=\"max-width:100%;\"><\/div>\n\n<a href=\"http:\/\/obcampportal.prd.rm.totvscloud.com.br:2002\/web\/app\/edu\/PortalEducacional\/login\/\" target=\"_blank\" class=\"button secondary is-xsmall\" rel=\"noopener\">\n\t\t<span>2nd copy of bank slip<\/span>\n\t<\/a>\n\n\n<div class=\"is-divider divider clearfix\" style=\"max-width:100%;\"><\/div>\n\n<p class=\"texto-roxo uppercase\"><strong>LC ALERT<\/strong><\/p>\n<p><p>An open channel for you to send suggestions, questions, compliments, and complaints.<\/p>\n<a href=\"\/en\/lc-atenta\/\" target=\"_blank\" class=\"button primary is-smaller box-shadow-3 box-shadow-5-hover\" rel=\"noopener\"  style=\"border-radius:17px;\">\n\t\t<span>access<\/span>\n\t<i class=\"icon-play\" aria-hidden=\"true\" ><\/i><\/a>\n\n\n<a href=\"#trabalhe-conosco\" class=\"button primary is-smaller box-shadow-5 box-shadow-5-hover hidden\"  style=\"border-radius:99px;\">\n\t\t<span>Send CV<\/span>\n\t<\/a>\n\n\n\t<div id=\"text-7549168\" class=\"text hidden\">\n\t\t\n\n<p>\t<div id=\"trabalhe-conosco\"\n\t     class=\"lightbox-by-id lightbox-content mfp-hide lightbox-white lighbox-curriculo\"\n\t     style=\"max-width:600px ;padding:20px\">\n\t\t<div class=\"row row-full-width\"  id=\"row-1278037593\">\n\n\n\t<div id=\"col-837186286\" class=\"col small-12 large-12\"  >\n\t\t\t\t<div class=\"col-inner\"  >\n\t\t\t\n\t\t\t\n\n\t<div id=\"text-2307789662\" class=\"text\">\n\t\t\n\n<h2>Fill out the form below<\/h2>\n\t\t\n<style>\n#text-2307789662 {\n  color: #4c267e;\n}\n#text-2307789662 > * {\n  color: #4c267e;\n}\n<\/style>\n\t<\/div>\n\t\n\n\n<div role=\"main\" id=\"trabalhe-conosco-b66cbd82e16deff1fa6f\"><\/div><script type=\"text\/javascript\" src=\"https:\/\/d335luupugsy2.cloudfront.net\/js\/rdstation-forms\/stable\/rdstation-forms.min.js\"><\/script><script type=\"text\/javascript\"> new RDStationForms('trabalhe-conosco-b66cbd82e16deff1fa6f', 'UA-68181685-1').createForm();<\/script>\n\n\n\t\t<\/div>\n\t\t\t\t\n<style>\n#col-837186286 > .col-inner {\n  padding: 46px 0px 0px 0px;\n}\n<\/style>\n\t<\/div>\n\n\t\n\n<\/div>\t<\/div>\n\t\n\t<\/p>\n\t\t\t<\/div>\n\t\n\t<div id=\"gap-1665900096\" class=\"gap-element clearfix\" style=\"display:block; height:auto;\">\n\t\t\n<style>\n#gap-1665900096 {\n  padding-top: 8px;\n}\n<\/style>\n\t<\/div>\n\t\n\n\n\t\t<\/div>\n\t\t\t\t\n<style>\n#col-1800567268 > .col-inner {\n  margin: 0px 0px 0px 0px;\n}\n@media (min-width:550px) {\n  #col-1800567268 > .col-inner {\n    margin: 0px 0px -127px 0px;\n  }\n}\n<\/style>\n\t<\/div>\n\n\t\n\n\t<div id=\"col-2073202155\" class=\"col medium-6 small-12 large-6\"  >\n\t\t\t\t<div class=\"col-inner\"  >\n\t\t\t\n\t\t\t\n\n<span class=\"scroll-to\" data-label=\"Scroll to: #agende\" data-bullet=\"false\" data-link=\"#agende\" data-title=\"Change this\" ><a name=\"agende\"><\/a><\/span>\n\n\n\n    <div class=\"rubeus-form-wrap\">\n      <iframe\n        class=\"formulario-home\"\n        src=\"https:\/\/atmo.apprbs.com.br\/form-lourenco-agendar-visita\/\"\n        title=\"lp-rubeus\"\n        loading=\"lazy\"\n        style=\"width:100%;height:950px;border:0;\"\n        allow=\"clipboard-write; fullscreen\"\n      ><\/iframe>\n    <\/div>\n  \n\n\n\t\t<\/div>\n\t\t\t\t\n<style>\n#col-2073202155 > .col-inner {\n  margin: 0px 0px -262px 0px;\n}\n@media (min-width:550px) {\n  #col-2073202155 > .col-inner {\n    margin: 0px 0px -142px 0px;\n  }\n}\n<\/style>\n\t<\/div>\n\n\t\n\n<\/div>\n\n\n\t\t<\/div>\n\n\t\t\n<style>\n#section_1081155450 {\n  padding-top: 85px;\n  padding-bottom: 85px;\n}\n<\/style>\n\t<\/section>\n\t\n<div class=\"is-divider divider clearfix\" style=\"margin-top:0px;margin-bottom:0px;max-width:100%;background-color:rgb(255, 255, 255);\"><\/div>","protected":false},"excerpt":{"rendered":"","protected":false},"author":6,"featured_media":0,"parent":0,"menu_order":0,"comment_status":"closed","ping_status":"closed","template":"page-blank.php","meta":{"footnotes":""},"class_list":["post-4524","page","type-page","status-publish","hentry"],"_links":{"self":[{"href":"https:\/\/www.lourencocastanho.com.br\/en\/wp-json\/wp\/v2\/pages\/4524","targetHints":{"allow":["GET"]}}],"collection":[{"href":"https:\/\/www.lourencocastanho.com.br\/en\/wp-json\/wp\/v2\/pages"}],"about":[{"href":"https:\/\/www.lourencocastanho.com.br\/en\/wp-json\/wp\/v2\/types\/page"}],"author":[{"embeddable":true,"href":"https:\/\/www.lourencocastanho.com.br\/en\/wp-json\/wp\/v2\/users\/6"}],"replies":[{"embeddable":true,"href":"https:\/\/www.lourencocastanho.com.br\/en\/wp-json\/wp\/v2\/comments?post=4524"}],"version-history":[{"count":0,"href":"https:\/\/www.lourencocastanho.com.br\/en\/wp-json\/wp\/v2\/pages\/4524\/revisions"}],"wp:attachment":[{"href":"https:\/\/www.lourencocastanho.com.br\/en\/wp-json\/wp\/v2\/media?parent=4524"}],"curies":[{"name":"wp","href":"https:\/\/api.w.org\/{rel}","templated":true}]}}